{"id":22,"date":"2006-06-17T21:25:36","date_gmt":"2006-06-17T20:25:36","guid":{"rendered":"https:\/\/bob-team.de\/wordpress\/?page_id=22"},"modified":"2024-10-27T13:55:07","modified_gmt":"2024-10-27T12:55:07","slug":"projekte","status":"publish","type":"page","link":"https:\/\/bob-team.de\/wordpress\/projekte\/","title":{"rendered":"Projekte"},"content":{"rendered":"<div class=\"bobpro\">\n<p><!-- aktuell --><\/p>\n<div class=\"bobpro__title\">2024<\/div>\n<p><img decoding=\"async\" src=\"https:\/\/bob-team.de\/wordpress\/wp-content\/uploads\/2024\/06\/eva.jpg\" alt=\"EVA Screenshot\" align=\"left\" style=\"margin: 3px 5px 5px auto;width:129px;height:119px;\" \/><\/p>\n<p><img decoding=\"async\" src=\"https:\/\/bob-team.de\/wordpress\/wp-content\/uploads\/2024\/06\/zebi-e1719676162746.jpg\" alt=\"ZEBI Screenshot\" align=\"left\" style=\"margin: 3px 5px 5px auto;width:129px;height:119px;\" \/><\/p>\n<p><img decoding=\"async\" src=\"https:\/\/bob-team.de\/wordpress\/wp-content\/uploads\/2024\/06\/cif3-e1719676228409.jpg\" alt=\"CIF3 Screenshot\" align=\"left\" style=\"margin: 3px 5px 5px auto;width:129px;height:119px;\" \/><\/p>\n<p>Mit <a href=\"https:\/\/bob-team.de\/wordpress\/mboee\/\">MBOEE<\/a> werden Anwendungen auf dem Desktop und in der Cloud bereitgestellt.<\/p>\n<p><br clear=\"all\" \/><\/p>\n<\/div>\n<p><img decoding=\"async\" src=\"https:\/\/bob-team.de\/wordpress\/wp-content\/uploads\/2023\/04\/ciforms_fa_proVers_webtable.png\" alt=\"CI.Forms Screenshot\" align=\"left\" style=\"margin: 3px 5px 5px auto;width:129px;\" \/><\/p>\n<p>Mit dem <a href=\"\/wordpress\/category\/java\/provers\/\">Projekt ProVers<\/a> wurde f\u00fcr die <a href=\"https:\/\/www.c-intact.biz\/\">C-Intact GmbH<\/a> ein Hilfsmittel geschaffen, mit dem die Aktualit\u00e4t komplexer Softwarel\u00f6sungen sichergestellt werden kann.<\/p>\n<p><br clear=\"all\" \/><\/p>\n<p><!-- ab 2018 --><\/p>\n<div class=\"bobpro__title\">2021<\/div>\n<p><img decoding=\"async\" src=\"https:\/\/bob-team.de\/wordpress\/wp-content\/uploads\/2023\/03\/ciforms_purchase_document_small.jpg\" alt=\"CI.Forms Screenshot\" align=\"left\" style=\"margin: 3px 5px 5px auto;width:129px;\" \/><\/p>\n<p><a href=\"https:\/\/ciforms.c-intact.biz\/ciforms\"><strong>CI.Forms<\/strong><\/a> ist die Anwendungsplattform der <a href=\"https:\/\/www.c-intact.biz\/\">C-Intact GmbH<\/a>. Sie nutzt und bietet im Standard einen embedded Tomcat. Die Verteilung der Anwendungen \u00fcber ein direkt nutzbares Zip-Archiv erleichtert den Einsatz in der Cloud oder im Firmennetzwerk.<\/p>\n<p><br clear=\"all\" \/><\/p>\n<p><img decoding=\"async\" src=\"https:\/\/bob-team.de\/wordpress\/wp-content\/uploads\/2023\/03\/cimp_msdos_small.jpg\" alt=\"CIMP in CMD\" align=\"left\" style=\"margin: 3px 5px 5px auto;width:129px;\" \/><\/p>\n<p>Eine Sammlung von Import-Werzeugen hat die <a href=\"https:\/\/www.c-intact.biz\/\">C-Intact GmbH<\/a> mit <strong>CIMP<\/strong>. Kleine spezialisierte Programme f\u00fcr verschiedene Aufgaben. So werden beispielsweise Informationen aus XML-Dateien extrahiert oder E-Mails vom Cloud-Anbieter gelesen.<\/p>\n<p><br clear=\"all\" \/><\/p>\n<\/div>\n<p><!-- BUR: 2012-2017 --><\/p>\n<div class=\"bobpro\">\n<div class=\"bobpro__title\">2014<\/div>\n<p><img decoding=\"async\" src=\"https:\/\/bob-team.de\/wordpress\/wp-content\/uploads\/2023\/02\/burtool_anonym.png\" alt=\"BurTool Startseite\" align=\"left\" style=\"margin: 3px 5px 5px auto;width:129px;\" \/><\/p>\n<p>Abteilungs\u00fcbergreifend wurden im <strong>BurTool<\/strong><\/a> der <a href=\"https:\/\/youtu.be\/mNpRdD2iIU4\">Br\u00fcggershemke &#038; Reinkemeier KG<\/a> Arbeitsabl\u00e4ufe organisiert, durchgef\u00fchrt und \u00fcberwacht.<\/p>\n<p><br clear=\"all\" \/><\/p>\n<p><img decoding=\"async\" src=\"https:\/\/bob-team.de\/wordpress\/wp-content\/uploads\/2023\/02\/burweb_artikel.gif\" alt=\"BurWeb Artikelseite\" align=\"left\" style=\"margin: 3px 5px 5px auto;width:129px;\" \/><\/p>\n<p>Eine aussagekr\u00e4ftige Dispositionsgrafik der <a href=\"https:\/\/youtu.be\/mNpRdD2iIU4\">Br\u00fcggershemke &#038; Reinkemeier KG<\/a> hatte zum Ziel, die Nachfrage mit den Unternehmensprozessen in Einklang zu bringen (die Daten wurden mit <a href=\"https:\/\/www.inform-software.de\/produkte\/addone\">ADD*ONE<\/a> bereitgestellt).<\/p>\n<p><br clear=\"all\" \/><\/p>\n<p><img decoding=\"async\" src=\"https:\/\/bob-team.de\/wordpress\/wp-content\/uploads\/2023\/02\/burweb_jobs.gif\" alt=\"Jobs im BurWeb\" align=\"left\" style=\"margin: 3px 5px 5px auto;width:129px;\" \/><\/p>\n<p>Mit dem <strong>BurWeb<\/strong><\/a> wurde eine Oberfl\u00e4che im Browser bereitgestellt, mit der beispielsweise die Automatisierung der <a href=\"https:\/\/youtu.be\/mNpRdD2iIU4\">Br\u00fcggershemke &#038; Reinkemeier KG<\/a> verwaltet wurde.<\/p>\n<p><br clear=\"all\" \/>\n<\/div>\n<p><!-- POK: 2007-2011 --><\/p>\n<div class=\"bobpro\">\n<div class=\"bobpro__title\">2009<\/div>\n<p><img decoding=\"async\" src=\"https:\/\/bob-team.de\/wordpress\/wp-content\/uploads\/2021\/12\/catalog_article_group.png\" alt=\"Screenshot Pokolm-Portal\" align=\"left\" style=\"margin: 3px 5px 5px auto;width:129px;\"\/>Das <strong>Pokolm-Portal<\/strong><\/a> als niederschwelliger Zugang zu Informationen und Serviceleistungen der <a href=\"http:\/\/www.pokolm.de\">Pokolm Fr\u00e4stechnik GmbH &#038; Co. KG<\/a>.<br clear=\"all\" \/><\/p>\n<p><img decoding=\"async\" src=\"https:\/\/bob-team.de\/wordpress\/wp-content\/uploads\/2021\/12\/multikat_startpage.png\" alt=\"Screenshot Multimedia-Katalog\" align=\"left\" style=\"margin: 3px 5px 5px auto;width:129px;\"\/>Mit dem <strong>Multimedia-Katalog<\/strong><\/a> wurde bei der <a href=\"http:\/\/www.pokolm.de\">Pokolm Fr\u00e4stechnik GmbH &#038; Co. KG<\/a> eine Alternative zum gedruckten Katalog geschaffen.<br clear=\"all\" \/><\/p>\n<p><img decoding=\"async\" src=\"https:\/\/bob-team.de\/wordpress\/wp-content\/uploads\/2021\/12\/zp_startseite.png\" alt=\"Screenshot Zerspanungsprotokoll\" align=\"left\" style=\"margin: 3px 5px 5px auto;width:129px;\"\/>Das <strong>Zerspanungsprotokoll<\/strong><\/a> sammelt, verwaltet und synchronisiert Werkzeuganwendungen f\u00fcr die <a href=\"http:\/\/www.pokolm.de\">Pokolm Fr\u00e4stechnik GmbH &#038; Co. KG<\/a>.<br clear=\"all\" \/><\/p>\n<\/div>\n<p><!-- IOK: 2000-2006 --><\/p>\n<div class=\"bobpro\">\n<div class=\"bobpro__title\">2003<\/div>\n<p><img decoding=\"async\" id=\"image159\" src=\"https:\/\/bob-team.de\/wordpress\/wp-content\/uploads\/2006\/12\/p3.png\" alt=\"Screenshot Phoenix\" align=\"left\" style=\"margin: 3px 5px 5px auto;\"\/><a href=\"https:\/\/bob-team.de\/wordpress\/?page_id=7\"><strong>Phoenix<\/strong><\/a> ist eine Swing-Oberfl\u00e4che mit der Informationen verwaltet werden, auf deren Grundlage die Internetdienstleistungen der <a href=\"http:\/\/www.iok.de\/\">IOK GmbH &#038; Co. KG<\/a> konfiguriert und abgerechnet werden.<br clear=\"all\" \/><\/p>\n<p><img decoding=\"async\" id=\"image129\" src=\"https:\/\/bob-team.de\/wordpress\/wp-content\/uploads\/2006\/10\/calculator.png\" alt=\"Formelrechner Screenshot\" align=\"left\" style=\"margin: 3px 5px 5px auto;\"\/>Der <strong>Formelrechner<\/strong> ist eine Arbeit f\u00fcr die <a href=\"http:\/\/www.pokolm.de\">Pokolm Fr\u00e4stechnik GmbH &#038; Co. KG<\/a>. Er hilft dem Benutzer interaktiv bei der Durchf\u00fchrung vorgegebener Formelberechnungen. Aktuell kann neben einer Standard-Oberfl\u00e4che, eine zweite mit weiteren Funktionen genutzt werden.<br clear=\"all\" \/><\/p>\n<p><a id=\"p46\" rel=\"attachment\" class=\"imagelink\" href=\"https:\/\/bob-team.de\/wordpress\/?attachment_id=46\" title=\"Screenshot NngtWeb\"><img decoding=\"async\" id=\"image46\" src=\"https:\/\/bob-team.de\/wordpress\/wp-content\/uploads\/2006\/06\/nngt.thumbnail.png\" alt=\"Screenshot NngtWeb\" align=\"left\" style=\"margin: 3px 5px 5px auto;\" \/><\/a> Das <a href=\"http:\/\/www.noelle-nordhorn.de\/NngtWeb\/\"><strong>NngtWeb<\/strong><\/a> ist ein Online-Bestellsystem f\u00fcr die Kunden der <a href=\"http:\/\/www.noelle-nordhorn.de\/\">N\u00f6lle + Nordhorn GmbH<\/a>, welches mit JavaServer Faces und einer MySQL-Datenbank umgesetzt wurde. Das Design kommt von <a href=\"http:\/\/absofort.de\/\">der Firma ab|sofort<\/a>.<br clear=\"all\" \/><\/p>\n<p><img decoding=\"async\" id=\"image160\" src=\"https:\/\/bob-team.de\/wordpress\/wp-content\/uploads\/2006\/12\/kt.png\" alt=\"Screenshot KundenTool\" align=\"left\" style=\"margin: 3px 5px 5px auto;\"\/>Mit dem <strong>KundenTool<\/strong> kann eine objektive Kontaktlist erstellt werden. In die Bewertung flie\u00dfen verschiedene Informationsquellen ein. Zus\u00e4tzlich kann jeder Mitarbeiter seine pers\u00f6nlichen Kontakte nach zentral hinterlegten Fragen gewichten.<br clear=\"all\" \/><\/p>\n<p><a href=\"https:\/\/bob-team.de\/wordpress\/?page_id=45\"><strong>MiniKonsole<\/strong><\/a> stellt einen einfachen Socket Klienten dar. Sie wurde geschaffen um an einem praktischen Beispiel oft verwendeten Programmcode zu dokumentieren. <a href=\"https:\/\/bob-team.de\/wordpress\/?page_id=45\">mehr&#8230;<\/a><\/p>\n<\/div>\n<p><!-- NCS: bis 1999 --><\/p>\n<div class=\"bobpro\">\n<div class=\"bobpro__title\">1998<\/div>\n<p><a href=\"https:\/\/bob-team.de\/wordpress\/?page_id=30\"><strong>bobShop<\/strong><\/a> ist ein kleines Shop-System, welches verschiedene Artikelgruppen \u00fcber Listen verf\u00fcgbar macht. Wird der Shop f\u00fcr eine geschlossene Benutzer-Gruppe betrieben kann der Warenkorb mit einer Rechnungs- und Lieferadresse vorbelegt werden. <a href=\"https:\/\/bob-team.de\/wordpress\/?page_id=30\">mehr&#8230;<\/a><\/p>\n<p><a href=\"http:\/\/www.bob-team.de\/bobtor\/\"><strong>bobTor<\/strong><\/a> realisiert eine Vereinsverwaltung, deren Hauptziel es ist, dem wenig versierten Anwender die Pflege der Inhalte zu erm\u00f6glichen. Unter <a href=\"http:\/\/www.bob-team.de\/bobtor\/\">http:\/\/www.bob-team.de\/bobtor\/<\/a> findet sich eine komplette Demo-Umgebung. Unter <a href=\"http:\/\/www.bob-team.de\/bobtor\/administration\/\">\/bobtor\/administration\/<\/a> kann die Administration getestet werden.<\/p>\n<p><a href=\"https:\/\/bob-team.de\/wordpress\/?page_id=37\"><strong>javaIdnaTool<\/strong><\/a> ist ein Java-Applet welches eine Zeichenkette von Uni- nach Punycode und umgekehrt konvertiert. <a href=\"https:\/\/bob-team.de\/wordpress\/?page_id=37\">mehr&#8230;<\/a><\/p>\n<p><a href=\"https:\/\/bob-team.de\/wordpress\/?page_id=38\"><strong>javaIP<\/strong><\/a> berechnet aus einer vorgegebenen IP-Adresse und der dazu geh\u00f6renden Netzwerkmaske alle daraus ableitbaren Angaben. <a href=\"https:\/\/bob-team.de\/wordpress\/?page_id=38\">mehr&#8230;<\/a><\/p>\n<p><strong>TrafficAnalysis<\/strong> wertet Umfangreiche Netzwerk-Mitschnitte aus und erstellt aus diesen Daten, verst\u00e4ndliche Diagramme und Tabellen. Die Information &#8222;ein 100k Datenpaket von A nach B&#8220; wird so in ihrem Kontext lesbar: &#8222;B hat eine 100k Anfrage an A gestellt und 1MB geliefert bekommen&#8220;.<\/p>\n<\/div>\n<p><em><a href=\"https:\/\/1drv.ms\/b\/s!AiKm3UC4jDAyljTe8STyz5OCqmes?e=2DpdSs\">Programming skills self-assessment matrix<\/a><\/em><\/p>\n","protected":false},"excerpt":{"rendered":"<p>2024 Mit MBOEE werden Anwendungen auf dem Desktop und in der Cloud bereitgestellt. Mit dem Projekt ProVers wurde f\u00fcr die C-Intact GmbH ein Hilfsmittel geschaffen, mit dem die Aktualit\u00e4t komplexer Softwarel\u00f6sungen sichergestellt werden kann. 2021 CI.Forms ist die Anwendungsplattform der C-Intact GmbH. Sie nutzt und bietet im Standard einen embedded Tomcat. Die Verteilung der Anwendungen [&hellip;]<\/p>\n","protected":false},"author":1,"featured_media":0,"parent":0,"menu_order":0,"comment_status":"open","ping_status":"closed","template":"","meta":{"footnotes":""},"class_list":["post-22","page","type-page","status-publish","hentry","entry"],"_links":{"self":[{"href":"https:\/\/bob-team.de\/wordpress\/wp-json\/wp\/v2\/pages\/22","targetHints":{"allow":["GET"]}}],"collection":[{"href":"https:\/\/bob-team.de\/wordpress\/wp-json\/wp\/v2\/pages"}],"about":[{"href":"https:\/\/bob-team.de\/wordpress\/wp-json\/wp\/v2\/types\/page"}],"author":[{"embeddable":true,"href":"https:\/\/bob-team.de\/wordpress\/wp-json\/wp\/v2\/users\/1"}],"replies":[{"embeddable":true,"href":"https:\/\/bob-team.de\/wordpress\/wp-json\/wp\/v2\/comments?post=22"}],"version-history":[{"count":80,"href":"https:\/\/bob-team.de\/wordpress\/wp-json\/wp\/v2\/pages\/22\/revisions"}],"predecessor-version":[{"id":3838,"href":"https:\/\/bob-team.de\/wordpress\/wp-json\/wp\/v2\/pages\/22\/revisions\/3838"}],"wp:attachment":[{"href":"https:\/\/bob-team.de\/wordpress\/wp-json\/wp\/v2\/media?parent=22"}],"curies":[{"name":"wp","href":"https:\/\/api.w.org\/{rel}","templated":true}]}}